{"id":1265,"date":"2026-04-01T10:27:05","date_gmt":"2026-04-01T08:27:05","guid":{"rendered":"https:\/\/www.evoleaconseil.com\/?page_id=1265"},"modified":"2026-04-01T10:31:01","modified_gmt":"2026-04-01T08:31:01","slug":"informations-handicapes","status":"publish","type":"page","link":"https:\/\/www.evoleaconseil.com\/index.php\/informations-handicapes\/","title":{"rendered":"Informations handicap\u00e9s"},"content":{"rendered":"<h2>Information Handicap<\/h2>\n<\/p>\n<h3><strong>Accessibilit\u00e9<\/strong><\/h3>\n<p>Le soci\u00e9t\u00e9 Evol\u00e9a Conseil ne re\u00e7oit pas de public ; les prestations sont dispens\u00e9es au domicile ou en entreprise, sur le lieu de travail des apprenants. Cela permet notamment \u00e0 tout apprenant de recevoir la prestation sur un lieu d\u00e9fini o\u00f9 l\u2019accessibilit\u00e9 lui est d\u00e9j\u00e0 possible.<\/p>\n<h3><strong>Prestations<\/strong><\/h3>\n<p>Nos programmes sont \u00e9tablis sur mesure et en fonction des besoins de chaque apprenant. Le sujet est \u00e9voqu\u00e9 lors de l&rsquo;entretien pr\u00e9alable \u00e0 l&rsquo;analyse des besoins en formation.<\/p>\n<h3><strong>R\u00e9f\u00e9rent<\/strong><\/h3>\n<p>Vous pouvez contacter \u00e0 tout moment Claire SUZARTE au 07 69 83 11 18 ou par mail \u00e0 claire.suzarte@elliup.com.<\/p><\/p>\n","protected":false},"excerpt":{"rendered":"<p>Information Handicap Accessibilit\u00e9 Le soci\u00e9t\u00e9 Evol\u00e9a Conseil ne re\u00e7oit pas de public ; les prestations sont dispens\u00e9es au domicile ou en entreprise, sur le lieu de travail des apprenants. Cela permet notamment \u00e0 tout apprenant de recevoir la prestation sur un lieu d\u00e9fini o\u00f9 l\u2019accessibilit\u00e9 lui est d\u00e9j\u00e0 possible. Prestations Nos programmes sont \u00e9tablis sur [&hellip;]<\/p>\n","protected":false},"author":1,"featured_media":0,"parent":0,"menu_order":0,"comment_status":"closed","ping_status":"closed","template":"","meta":{"footnotes":""},"class_list":["post-1265","page","type-page","status-publish","hentry"],"_links":{"self":[{"href":"https:\/\/www.evoleaconseil.com\/index.php\/wp-json\/wp\/v2\/pages\/1265","targetHints":{"allow":["GET"]}}],"collection":[{"href":"https:\/\/www.evoleaconseil.com\/index.php\/wp-json\/wp\/v2\/pages"}],"about":[{"href":"https:\/\/www.evoleaconseil.com\/index.php\/wp-json\/wp\/v2\/types\/page"}],"author":[{"embeddable":true,"href":"https:\/\/www.evoleaconseil.com\/index.php\/wp-json\/wp\/v2\/users\/1"}],"replies":[{"embeddable":true,"href":"https:\/\/www.evoleaconseil.com\/index.php\/wp-json\/wp\/v2\/comments?post=1265"}],"version-history":[{"count":7,"href":"https:\/\/www.evoleaconseil.com\/index.php\/wp-json\/wp\/v2\/pages\/1265\/revisions"}],"predecessor-version":[{"id":1276,"href":"https:\/\/www.evoleaconseil.com\/index.php\/wp-json\/wp\/v2\/pages\/1265\/revisions\/1276"}],"wp:attachment":[{"href":"https:\/\/www.evoleaconseil.com\/index.php\/wp-json\/wp\/v2\/media?parent=1265"}],"curies":[{"name":"wp","href":"https:\/\/api.w.org\/{rel}","templated":true}]}}